{"id":207,"date":"2020-01-09T12:56:34","date_gmt":"2020-01-09T11:56:34","guid":{"rendered":"https:\/\/expo.vatternrundan.se\/for-exhibitors\/"},"modified":"2026-03-26T08:09:38","modified_gmt":"2026-03-26T07:09:38","slug":"practical-info","status":"publish","type":"page","link":"https:\/\/expo.vatternrundan.se\/en\/practical-info\/","title":{"rendered":"For exhibitors"},"content":{"rendered":"\n<h1>\n\t\tPlan your participation\n\t<\/h1>\n<p>Here you will find all the practical information you may need for your planning and to know what you need to consider. Please take a moment to read through our <a href=\"https:\/\/expo.vatternrundan.se\/en\/terms-and-conditions\/\">terms &amp; conditions<\/a> if you haven&#8217;t already done so.<\/p>\n<p>If you have any questions about the flow of the event and how to best plan your staffing during the event week, don&#8217;t hesitate to <a href=\"https:\/\/expo.vatternrundan.se\/en\/contact\/\">contact us<\/a>, and we will guide you.<\/p>\n<strong>Use your event area also on 8-10 June.<\/strong><br \/>\nYou are allowed to use your event area for activities such as staff, supplier, and customer events during the days between the race weekends. Please inform max.lundgren@vatternrundan.se<br \/>\nin advance about the dates and times you plan to be in the event area, so that we can, for example, notify security.\n<h3>\n\t\tNordic Bike Expo\n\t<\/h3>\n\t\t\t\t<table>\n\t\t\t\t\t<thead>\n\t\t\t\t\t\t\t\t\t\t\t\t\t\t<tr>\n\t\t\t\t\t\t\t\t\t\t\t\t\t\t\t<th rowspan=\"\" colspan=\"\">\n\t\t\t\t\t\t\t\t\t\t\t\t\t\t\t\t\t<label>\n\t\t\t\t\t\t\t\t\t\t<\/label><label> Date <\/label>\n\t\t\t\t\t\t\t\t\t\n\t\t\t\t\t\t\t\t\t\t\t\t\t\t\t\t\t<\/th>\n\t\t\t\t\t\t\t\t\t\t\t\t\t\t<th rowspan=\"\" colspan=\"\">\n\t\t\t\t\t\t\t\t\t\t\t\t\t\t\t\t\t<label>\n\t\t\t\t\t\t\t\t\t\t<\/label><label> Hours <\/label>\n\t\t\t\t\t\t\t\t\t\n\t\t\t\t\t\t\t\t\t\t\t\t\t\t\t\t\t<\/th>\n\t\t\t\t\t\t\t\t\t\t\t<\/tr><\/thead>\n\t\t\t\t\t<tbody>\n\t\t\t\t\t\t\t\t\t\t\t\t\t\t\t<tr>\n\t\t\t\t\t\t\t\t\t\t\t\t\t\t\t\t\t\t\t\t<td colspan=\"\" rowspan=\"\">\n\t\t\t\t\t\t\t\t\t\t\t\t\t\t\t\t\t\t\t\t\t\t\t Friday 5th June \n\t\t\t\t\t\t\t\t\t\t\t\t\t\t\t\t\t\t\t\t\t\t\t<\/td>\n\t\t\t\t\t\t\t\t\t\t\t\t\t\t\t\t<td colspan=\"\" rowspan=\"\">\n\t\t\t\t\t\t\t\t\t\t\t\t\t\t\t\t\t\t\t\t\t\t\t 12:00 &#8211; 22:00 \n\t\t\t\t\t\t\t\t\t\t\t\t\t\t\t\t\t\t\t\t\t\t\t<\/td>\n\t\t\t\t\t\t\t\t\t\t\t\t\t\t\t<\/tr><tr>\n\t\t\t\t\t\t\t\t\t\t\t\t\t\t\t\t\t\t\t\t<td colspan=\"\" rowspan=\"\">\n\t\t\t\t\t\t\t\t\t\t\t\t\t\t\t\t\t\t\t\t\t\t\t Saturday 6th June \n\t\t\t\t\t\t\t\t\t\t\t\t\t\t\t\t\t\t\t\t\t\t\t<\/td>\n\t\t\t\t\t\t\t\t\t\t\t\t\t\t\t\t<td colspan=\"\" rowspan=\"\">\n\t\t\t\t\t\t\t\t\t\t\t\t\t\t\t\t\t\t\t\t\t\t\t 06:00 &#8211; 16:00 \n\t\t\t\t\t\t\t\t\t\t\t\t\t\t\t\t\t\t\t\t\t\t\t<\/td>\n\t\t\t\t\t\t\t\t\t\t\t\t\t\t\t<\/tr><tr>\n\t\t\t\t\t\t\t\t\t\t\t\t\t\t\t\t\t\t\t\t<td colspan=\"\" rowspan=\"\">\n\t\t\t\t\t\t\t\t\t\t\t\t\t\t\t\t\t\t\t\t\t\t\t Thursday 11th June \n\t\t\t\t\t\t\t\t\t\t\t\t\t\t\t\t\t\t\t\t\t\t\t<\/td>\n\t\t\t\t\t\t\t\t\t\t\t\t\t\t\t\t<td colspan=\"\" rowspan=\"\">\n\t\t\t\t\t\t\t\t\t\t\t\t\t\t\t\t\t\t\t\t\t\t\t 16:00 &#8211; 20:00 \n\t\t\t\t\t\t\t\t\t\t\t\t\t\t\t\t\t\t\t\t\t\t\t<\/td>\n\t\t\t\t\t\t\t\t\t\t\t\t\t\t\t<\/tr><tr>\n\t\t\t\t\t\t\t\t\t\t\t\t\t\t\t\t\t\t\t\t<td colspan=\"\" rowspan=\"\">\n\t\t\t\t\t\t\t\t\t\t\t\t\t\t\t\t\t\t\t\t\t\t\t Friday 12th June \n\t\t\t\t\t\t\t\t\t\t\t\t\t\t\t\t\t\t\t\t\t\t\t<\/td>\n\t\t\t\t\t\t\t\t\t\t\t\t\t\t\t\t<td colspan=\"\" rowspan=\"\">\n\t\t\t\t\t\t\t\t\t\t\t\t\t\t\t\t\t\t\t\t\t\t\t 10:00 &#8211; 22:00 \n\t\t\t\t\t\t\t\t\t\t\t\t\t\t\t\t\t\t\t\t\t\t\t<\/td>\n\t\t\t\t\t\t\t\t\t\t\t\t\t\t\t<\/tr><tr>\n\t\t\t\t\t\t\t\t\t\t\t\t\t\t\t\t\t\t\t\t<td colspan=\"\" rowspan=\"\">\n\t\t\t\t\t\t\t\t\t\t\t\t\t\t\t\t\t\t\t\t\t\t\t Saturday 13th June \n\t\t\t\t\t\t\t\t\t\t\t\t\t\t\t\t\t\t\t\t\t\t\t<\/td>\n\t\t\t\t\t\t\t\t\t\t\t\t\t\t\t\t<td colspan=\"\" rowspan=\"\">\n\t\t\t\t\t\t\t\t\t\t\t\t\t\t\t\t\t\t\t\t\t\t\t 09:00 &#8211; 16:00 \n\t\t\t\t\t\t\t\t\t\t\t\t\t\t\t\t\t\t\t\t\t\t\t<\/td>\n\t\t\t\t\t\t\t\t\t\t\t<\/tr><\/tbody>\n\t\t\t\t<\/table>\n\t<h3>\n\t\tNumber bib distribution\n\t<\/h3>\n\t\t\t\t<table>\n\t\t\t\t\t<thead>\n\t\t\t\t\t\t\t\t\t\t\t\t\t\t<tr>\n\t\t\t\t\t\t\t\t\t\t\t\t\t\t\t<th rowspan=\"\" colspan=\"\">\n\t\t\t\t\t\t\t\t\t\t\t\t\t\t\t\t\t<label>\n\t\t\t\t\t\t\t\t\t\t<\/label><label> Date <\/label>\n\t\t\t\t\t\t\t\t\t\n\t\t\t\t\t\t\t\t\t\t\t\t\t\t\t\t\t<\/th>\n\t\t\t\t\t\t\t\t\t\t\t\t\t\t<th rowspan=\"\" colspan=\"\">\n\t\t\t\t\t\t\t\t\t\t\t\t\t\t\t\t\t<label>\n\t\t\t\t\t\t\t\t\t\t<\/label><label> Hours <\/label>\n\t\t\t\t\t\t\t\t\t\n\t\t\t\t\t\t\t\t\t\t\t\t\t\t\t\t\t<\/th>\n\t\t\t\t\t\t\t\t\t\t\t<\/tr><\/thead>\n\t\t\t\t\t<tbody>\n\t\t\t\t\t\t\t\t\t\t\t\t\t\t\t<tr>\n\t\t\t\t\t\t\t\t\t\t\t\t\t\t\t\t\t\t\t\t<td colspan=\"\" rowspan=\"\">\n\t\t\t\t\t\t\t\t\t\t\t\t\t\t\t\t\t\t\t\t\t\t\t Friday 5th June \n\t\t\t\t\t\t\t\t\t\t\t\t\t\t\t\t\t\t\t\t\t\t\t<\/td>\n\t\t\t\t\t\t\t\t\t\t\t\t\t\t\t\t<td colspan=\"\" rowspan=\"\">\n\t\t\t\t\t\t\t\t\t\t\t\t\t\t\t\t\t\t\t\t\t\t\t 12:00 &#8211; 22:00 \n\t\t\t\t\t\t\t\t\t\t\t\t\t\t\t\t\t\t\t\t\t\t\t<\/td>\n\t\t\t\t\t\t\t\t\t\t\t\t\t\t\t<\/tr><tr>\n\t\t\t\t\t\t\t\t\t\t\t\t\t\t\t\t\t\t\t\t<td colspan=\"\" rowspan=\"\">\n\t\t\t\t\t\t\t\t\t\t\t\t\t\t\t\t\t\t\t\t\t\t\t Saturday 6th June \n\t\t\t\t\t\t\t\t\t\t\t\t\t\t\t\t\t\t\t\t\t\t\t<\/td>\n\t\t\t\t\t\t\t\t\t\t\t\t\t\t\t\t<td colspan=\"\" rowspan=\"\">\n\t\t\t\t\t\t\t\t\t\t\t\t\t\t\t\t\t\t\t\t\t\t\t 06:00 &#8211; 21:00 \n\t\t\t\t\t\t\t\t\t\t\t\t\t\t\t\t\t\t\t\t\t\t\t<\/td>\n\t\t\t\t\t\t\t\t\t\t\t\t\t\t\t<\/tr><tr>\n\t\t\t\t\t\t\t\t\t\t\t\t\t\t\t\t\t\t\t\t<td colspan=\"\" rowspan=\"\">\n\t\t\t\t\t\t\t\t\t\t\t\t\t\t\t\t\t\t\t\t\t\t\t Sunday 7th June \n\t\t\t\t\t\t\t\t\t\t\t\t\t\t\t\t\t\t\t\t\t\t\t<\/td>\n\t\t\t\t\t\t\t\t\t\t\t\t\t\t\t\t<td colspan=\"\" rowspan=\"\">\n\t\t\t\t\t\t\t\t\t\t\t\t\t\t\t\t\t\t\t\t\t\t\t 09:00 &#8211; 13:00 \n\t\t\t\t\t\t\t\t\t\t\t\t\t\t\t\t\t\t\t\t\t\t\t<\/td>\n\t\t\t\t\t\t\t\t\t\t\t\t\t\t\t<\/tr><tr>\n\t\t\t\t\t\t\t\t\t\t\t\t\t\t\t\t\t\t\t\t<td colspan=\"\" rowspan=\"\">\n\t\t\t\t\t\t\t\t\t\t\t\t\t\t\t\t\t\t\t\t\t\t\t Thursday 11th June \n\t\t\t\t\t\t\t\t\t\t\t\t\t\t\t\t\t\t\t\t\t\t\t<\/td>\n\t\t\t\t\t\t\t\t\t\t\t\t\t\t\t\t<td colspan=\"\" rowspan=\"\">\n\t\t\t\t\t\t\t\t\t\t\t\t\t\t\t\t\t\t\t\t\t\t\t 16:00 &#8211; 20:00 \n\t\t\t\t\t\t\t\t\t\t\t\t\t\t\t\t\t\t\t\t\t\t\t<\/td>\n\t\t\t\t\t\t\t\t\t\t\t\t\t\t\t<\/tr><tr>\n\t\t\t\t\t\t\t\t\t\t\t\t\t\t\t\t\t\t\t\t<td colspan=\"\" rowspan=\"\">\n\t\t\t\t\t\t\t\t\t\t\t\t\t\t\t\t\t\t\t\t\t\t\t Friday 12th June \n\t\t\t\t\t\t\t\t\t\t\t\t\t\t\t\t\t\t\t\t\t\t\t<\/td>\n\t\t\t\t\t\t\t\t\t\t\t\t\t\t\t\t<td colspan=\"\" rowspan=\"\">\n\t\t\t\t\t\t\t\t\t\t\t\t\t\t\t\t\t\t\t\t\t\t\t 10:00 &#8211; 24:00 \n\t\t\t\t\t\t\t\t\t\t\t\t\t\t\t\t\t\t\t\t\t\t\t<\/td>\n\t\t\t\t\t\t\t\t\t\t\t\t\t\t\t<\/tr><tr>\n\t\t\t\t\t\t\t\t\t\t\t\t\t\t\t\t\t\t\t\t<td colspan=\"\" rowspan=\"\">\n\t\t\t\t\t\t\t\t\t\t\t\t\t\t\t\t\t\t\t\t\t\t\t Saturday 13th June \n\t\t\t\t\t\t\t\t\t\t\t\t\t\t\t\t\t\t\t\t\t\t\t<\/td>\n\t\t\t\t\t\t\t\t\t\t\t\t\t\t\t\t<td colspan=\"\" rowspan=\"\">\n\t\t\t\t\t\t\t\t\t\t\t\t\t\t\t\t\t\t\t\t\t\t\t 00:00 &#8211; 13:00 \n\t\t\t\t\t\t\t\t\t\t\t\t\t\t\t\t\t\t\t\t\t\t\t<\/td>\n\t\t\t\t\t\t\t\t\t\t\t<\/tr><\/tbody>\n\t\t\t\t<\/table>\n\t<h3>\n\t\tStadsparken \n\t<\/h3>\n\t\t\t\t<table>\n\t\t\t\t\t<thead>\n\t\t\t\t\t\t\t\t\t\t\t\t\t\t<tr>\n\t\t\t\t\t\t\t\t\t\t\t\t\t\t\t<th rowspan=\"\" colspan=\"\">\n\t\t\t\t\t\t\t\t\t\t\t\t\t\t\t\t\t<label>\n\t\t\t\t\t\t\t\t\t\t<\/label><label> Date <\/label>\n\t\t\t\t\t\t\t\t\t\n\t\t\t\t\t\t\t\t\t\t\t\t\t\t\t\t\t<\/th>\n\t\t\t\t\t\t\t\t\t\t\t\t\t\t<th rowspan=\"\" colspan=\"\">\n\t\t\t\t\t\t\t\t\t\t\t\t\t\t\t\t\t<label>\n\t\t\t\t\t\t\t\t\t\t<\/label><label> Hours <\/label>\n\t\t\t\t\t\t\t\t\t\n\t\t\t\t\t\t\t\t\t\t\t\t\t\t\t\t\t<\/th>\n\t\t\t\t\t\t\t\t\t\t\t<\/tr><\/thead>\n\t\t\t\t\t<tbody>\n\t\t\t\t\t\t\t\t\t\t\t\t\t\t\t<tr>\n\t\t\t\t\t\t\t\t\t\t\t\t\t\t\t\t\t\t\t\t<td colspan=\"\" rowspan=\"\">\n\t\t\t\t\t\t\t\t\t\t\t\t\t\t\t\t\t\t\t\t\t\t\t Friday 5th June \n\t\t\t\t\t\t\t\t\t\t\t\t\t\t\t\t\t\t\t\t\t\t\t<\/td>\n\t\t\t\t\t\t\t\t\t\t\t\t\t\t\t\t<td colspan=\"\" rowspan=\"\">\n\t\t\t\t\t\t\t\t\t\t\t\t\t\t\t\t\t\t\t\t\t\t\t 12:00 &#8211; 22:00 \n\t\t\t\t\t\t\t\t\t\t\t\t\t\t\t\t\t\t\t\t\t\t\t<\/td>\n\t\t\t\t\t\t\t\t\t\t\t\t\t\t\t<\/tr><tr>\n\t\t\t\t\t\t\t\t\t\t\t\t\t\t\t\t\t\t\t\t<td colspan=\"\" rowspan=\"\">\n\t\t\t\t\t\t\t\t\t\t\t\t\t\t\t\t\t\t\t\t\t\t\t Saturday 6th June \n\t\t\t\t\t\t\t\t\t\t\t\t\t\t\t\t\t\t\t\t\t\t\t<\/td>\n\t\t\t\t\t\t\t\t\t\t\t\t\t\t\t\t<td colspan=\"\" rowspan=\"\">\n\t\t\t\t\t\t\t\t\t\t\t\t\t\t\t\t\t\t\t\t\t\t\t 09:00 &#8211; 21:00 \n\t\t\t\t\t\t\t\t\t\t\t\t\t\t\t\t\t\t\t\t\t\t\t<\/td>\n\t\t\t\t\t\t\t\t\t\t\t\t\t\t\t<\/tr><tr>\n\t\t\t\t\t\t\t\t\t\t\t\t\t\t\t\t\t\t\t\t<td colspan=\"\" rowspan=\"\">\n\t\t\t\t\t\t\t\t\t\t\t\t\t\t\t\t\t\t\t\t\t\t\t Sunday 7th June \n\t\t\t\t\t\t\t\t\t\t\t\t\t\t\t\t\t\t\t\t\t\t\t<\/td>\n\t\t\t\t\t\t\t\t\t\t\t\t\t\t\t\t<td colspan=\"\" rowspan=\"\">\n\t\t\t\t\t\t\t\t\t\t\t\t\t\t\t\t\t\t\t\t\t\t\t 09:00 &#8211; 14:00 \n\t\t\t\t\t\t\t\t\t\t\t\t\t\t\t\t\t\t\t\t\t\t\t<\/td>\n\t\t\t\t\t\t\t\t\t\t\t\t\t\t\t<\/tr><tr>\n\t\t\t\t\t\t\t\t\t\t\t\t\t\t\t\t\t\t\t\t<td colspan=\"\" rowspan=\"\">\n\t\t\t\t\t\t\t\t\t\t\t\t\t\t\t\t\t\t\t\t\t\t\t Thursday 11th June \n\t\t\t\t\t\t\t\t\t\t\t\t\t\t\t\t\t\t\t\t\t\t\t<\/td>\n\t\t\t\t\t\t\t\t\t\t\t\t\t\t\t\t<td colspan=\"\" rowspan=\"\">\n\t\t\t\t\t\t\t\t\t\t\t\t\t\t\t\t\t\t\t\t\t\t\t 16:00 &#8211; 20:00 \n\t\t\t\t\t\t\t\t\t\t\t\t\t\t\t\t\t\t\t\t\t\t\t<\/td>\n\t\t\t\t\t\t\t\t\t\t\t\t\t\t\t<\/tr><tr>\n\t\t\t\t\t\t\t\t\t\t\t\t\t\t\t\t\t\t\t\t<td colspan=\"\" rowspan=\"\">\n\t\t\t\t\t\t\t\t\t\t\t\t\t\t\t\t\t\t\t\t\t\t\t Friday 12th June \n\t\t\t\t\t\t\t\t\t\t\t\t\t\t\t\t\t\t\t\t\t\t\t<\/td>\n\t\t\t\t\t\t\t\t\t\t\t\t\t\t\t\t<td colspan=\"\" rowspan=\"\">\n\t\t\t\t\t\t\t\t\t\t\t\t\t\t\t\t\t\t\t\t\t\t\t 10:00 &#8211; 22:00 \n\t\t\t\t\t\t\t\t\t\t\t\t\t\t\t\t\t\t\t\t\t\t\t<\/td>\n\t\t\t\t\t\t\t\t\t\t\t\t\t\t\t<\/tr><tr>\n\t\t\t\t\t\t\t\t\t\t\t\t\t\t\t\t\t\t\t\t<td colspan=\"\" rowspan=\"\">\n\t\t\t\t\t\t\t\t\t\t\t\t\t\t\t\t\t\t\t\t\t\t\t Saturday 13th June \n\t\t\t\t\t\t\t\t\t\t\t\t\t\t\t\t\t\t\t\t\t\t\t<\/td>\n\t\t\t\t\t\t\t\t\t\t\t\t\t\t\t\t<td colspan=\"\" rowspan=\"\">\n\t\t\t\t\t\t\t\t\t\t\t\t\t\t\t\t\t\t\t\t\t\t\t 08:00 &#8211; 21:00 \n\t\t\t\t\t\t\t\t\t\t\t\t\t\t\t\t\t\t\t\t\t\t\t<\/td>\n\t\t\t\t\t\t\t\t\t\t\t<\/tr><\/tbody>\n\t\t\t\t<\/table>\n\t<h3>\n\t\tLadan &#8211; Stora torget \n\t<\/h3>\n\t\t\t\t<table>\n\t\t\t\t\t<thead>\n\t\t\t\t\t\t\t\t\t\t\t\t\t\t<tr>\n\t\t\t\t\t\t\t\t\t\t\t\t\t\t\t<th rowspan=\"\" colspan=\"\">\n\t\t\t\t\t\t\t\t\t\t\t\t\t\t\t\t\t<label>\n\t\t\t\t\t\t\t\t\t\t<\/label><label> Date <\/label>\n\t\t\t\t\t\t\t\t\t\n\t\t\t\t\t\t\t\t\t\t\t\t\t\t\t\t\t<\/th>\n\t\t\t\t\t\t\t\t\t\t\t\t\t\t<th rowspan=\"\" colspan=\"\">\n\t\t\t\t\t\t\t\t\t\t\t\t\t\t\t\t\t<label>\n\t\t\t\t\t\t\t\t\t\t<\/label><label> Hours <\/label>\n\t\t\t\t\t\t\t\t\t\n\t\t\t\t\t\t\t\t\t\t\t\t\t\t\t\t\t<\/th>\n\t\t\t\t\t\t\t\t\t\t\t<\/tr><\/thead>\n\t\t\t\t\t<tbody>\n\t\t\t\t\t\t\t\t\t\t\t\t\t\t\t<tr>\n\t\t\t\t\t\t\t\t\t\t\t\t\t\t\t\t\t\t\t\t<td colspan=\"\" rowspan=\"\">\n\t\t\t\t\t\t\t\t\t\t\t\t\t\t\t\t\t\t\t\t\t\t\t Saturday 13th June \n\t\t\t\t\t\t\t\t\t\t\t\t\t\t\t\t\t\t\t\t\t\t\t<\/td>\n\t\t\t\t\t\t\t\t\t\t\t\t\t\t\t\t<td colspan=\"\" rowspan=\"\">\n\t\t\t\t\t\t\t\t\t\t\t\t\t\t\t\t\t\t\t\t\t\t\t 17:00 &#8211; 02:00 \n\t\t\t\t\t\t\t\t\t\t\t\t\t\t\t\t\t\t\t\t\t\t\t<\/td>\n\t\t\t\t\t\t\t\t\t\t\t<\/tr><\/tbody>\n\t\t\t\t<\/table>\n\t<h3>\n\t\tShimano service center\n\t<\/h3>\n\t\t\t\t<table>\n\t\t\t\t\t<thead>\n\t\t\t\t\t\t\t\t\t\t\t\t\t\t<tr>\n\t\t\t\t\t\t\t\t\t\t\t\t\t\t\t<th rowspan=\"\" colspan=\"\">\n\t\t\t\t\t\t\t\t\t\t\t\t\t\t\t\t\t<label>\n\t\t\t\t\t\t\t\t\t\t<\/label><label> Date <\/label>\n\t\t\t\t\t\t\t\t\t\n\t\t\t\t\t\t\t\t\t\t\t\t\t\t\t\t\t<\/th>\n\t\t\t\t\t\t\t\t\t\t\t\t\t\t<th rowspan=\"\" colspan=\"\">\n\t\t\t\t\t\t\t\t\t\t\t\t\t\t\t\t\t<label>\n\t\t\t\t\t\t\t\t\t\t<\/label><label> Hours <\/label>\n\t\t\t\t\t\t\t\t\t\n\t\t\t\t\t\t\t\t\t\t\t\t\t\t\t\t\t<\/th>\n\t\t\t\t\t\t\t\t\t\t\t<\/tr><\/thead>\n\t\t\t\t\t<tbody>\n\t\t\t\t\t\t\t\t\t\t\t\t\t\t\t<tr>\n\t\t\t\t\t\t\t\t\t\t\t\t\t\t\t\t\t\t\t\t<td colspan=\"\" rowspan=\"\">\n\t\t\t\t\t\t\t\t\t\t\t\t\t\t\t\t\t\t\t\t\t\t\t Friday 5th June \n\t\t\t\t\t\t\t\t\t\t\t\t\t\t\t\t\t\t\t\t\t\t\t<\/td>\n\t\t\t\t\t\t\t\t\t\t\t\t\t\t\t\t<td colspan=\"\" rowspan=\"\">\n\t\t\t\t\t\t\t\t\t\t\t\t\t\t\t\t\t\t\t\t\t\t\t 12:00 &#8211; 22:00 \n\t\t\t\t\t\t\t\t\t\t\t\t\t\t\t\t\t\t\t\t\t\t\t<\/td>\n\t\t\t\t\t\t\t\t\t\t\t\t\t\t\t<\/tr><tr>\n\t\t\t\t\t\t\t\t\t\t\t\t\t\t\t\t\t\t\t\t<td colspan=\"\" rowspan=\"\">\n\t\t\t\t\t\t\t\t\t\t\t\t\t\t\t\t\t\t\t\t\t\t\t Saturday 6th June \n\t\t\t\t\t\t\t\t\t\t\t\t\t\t\t\t\t\t\t\t\t\t\t<\/td>\n\t\t\t\t\t\t\t\t\t\t\t\t\t\t\t\t<td colspan=\"\" rowspan=\"\">\n\t\t\t\t\t\t\t\t\t\t\t\t\t\t\t\t\t\t\t\t\t\t\t 08:00 &#8211; 18:00 \n\t\t\t\t\t\t\t\t\t\t\t\t\t\t\t\t\t\t\t\t\t\t\t<\/td>\n\t\t\t\t\t\t\t\t\t\t\t\t\t\t\t<\/tr><tr>\n\t\t\t\t\t\t\t\t\t\t\t\t\t\t\t\t\t\t\t\t<td colspan=\"\" rowspan=\"\">\n\t\t\t\t\t\t\t\t\t\t\t\t\t\t\t\t\t\t\t\t\t\t\t Thursday 11th June \n\t\t\t\t\t\t\t\t\t\t\t\t\t\t\t\t\t\t\t\t\t\t\t<\/td>\n\t\t\t\t\t\t\t\t\t\t\t\t\t\t\t\t<td colspan=\"\" rowspan=\"\">\n\t\t\t\t\t\t\t\t\t\t\t\t\t\t\t\t\t\t\t\t\t\t\t 14:00 &#8211; 20:00 \n\t\t\t\t\t\t\t\t\t\t\t\t\t\t\t\t\t\t\t\t\t\t\t<\/td>\n\t\t\t\t\t\t\t\t\t\t\t\t\t\t\t<\/tr><tr>\n\t\t\t\t\t\t\t\t\t\t\t\t\t\t\t\t\t\t\t\t<td colspan=\"\" rowspan=\"\">\n\t\t\t\t\t\t\t\t\t\t\t\t\t\t\t\t\t\t\t\t\t\t\t Friday 12th June \n\t\t\t\t\t\t\t\t\t\t\t\t\t\t\t\t\t\t\t\t\t\t\t<\/td>\n\t\t\t\t\t\t\t\t\t\t\t\t\t\t\t\t<td colspan=\"\" rowspan=\"\">\n\t\t\t\t\t\t\t\t\t\t\t\t\t\t\t\t\t\t\t\t\t\t\t 09:00 &#8211; 24:00 \n\t\t\t\t\t\t\t\t\t\t\t\t\t\t\t\t\t\t\t\t\t\t\t<\/td>\n\t\t\t\t\t\t\t\t\t\t\t\t\t\t\t<\/tr><tr>\n\t\t\t\t\t\t\t\t\t\t\t\t\t\t\t\t\t\t\t\t<td colspan=\"\" rowspan=\"\">\n\t\t\t\t\t\t\t\t\t\t\t\t\t\t\t\t\t\t\t\t\t\t\t Saturday 13th June \n\t\t\t\t\t\t\t\t\t\t\t\t\t\t\t\t\t\t\t\t\t\t\t<\/td>\n\t\t\t\t\t\t\t\t\t\t\t\t\t\t\t\t<td colspan=\"\" rowspan=\"\">\n\t\t\t\t\t\t\t\t\t\t\t\t\t\t\t\t\t\t\t\t\t\t\t 09:00 &#8211; 16:00 \n\t\t\t\t\t\t\t\t\t\t\t\t\t\t\t\t\t\t\t\t\t\t\t<\/td>\n\t\t\t\t\t\t\t\t\t\t\t<\/tr><\/tbody>\n\t\t\t\t<\/table>\n\t<h2>\n\t\tAccommodation during your stay\n\t<\/h2>\n\t<p>In addition to traditional lodging, the residents of Motala open up their homes and rent out villas\/houses, apartments, cottages, or rooms in villas\/houses. Choose to stay centrally, close to the starting and finishing points, or in the tranquility of the countryside. You can either <a href=\"https:\/\/stay.vatternrundan.se\/\">book accommodation online<\/a> or contact V\u00e4tternrundan&#8217;s accommodation partner, <a href=\"https:\/\/www.sveciatravels.se\/\">Svecia Travels<\/a>.<\/p>\n\t<a href=\"http:\/\/www.sveciatravels.se\/en\/book-accommodation-vatternrundan\" target=\"_blank\" role=\"button\" rel=\"noopener\" aria-label=\"Book accomodation\">\n\t\t\t\t\t\tBook accomodation\n\t\t\t\t\t<\/a>\n<h2>\n\t\tAdvertise with Cykla.se \n\t<\/h2>\n\t<p>At Cykla.se, cycling is a year-round activity. Here, you will find relevant articles, inspiring features, informative videos, and &#8211; not least &#8211; the annual live broadcasts from Cycling Week. The goal is as simple as it is clear: to inspire cycling and a healthy lifestyle.<\/p>\n<p>The site receives half a million page views each year and is visited by 250,000 people. All sharing the same interests &#8211; training, nutrition, health, and, above all, cycling.<\/p>\n<h2>\n\t\tConstruction and cargo management.\n\t<\/h2>\n\t<p>Exhibitor booth construction must be completed well in advance of the event start. If you will be present in the area during the initial construction phase (May 27 &#8211; June 5), personal protective equipment is required, including at least one high-visibility garment, shoes with puncture protection and toe caps, hearing protection, and a helmet for work involving the risk of falling objects. The construction period ends on Friday, June 6, at 12:00 PM.<\/p>\n<strong>Deliveries can be made between 08:00 AM &#8211; 4:00 PM from May 29 &#8211; June 4, as well as from June 8 &#8211; June 10.<\/strong><br \/>\n<em>V\u00e4tternrundan is not responsible for unmarked deliveries or deliveries that have not been notified in advance.<\/em>\n<h4>Delivery details:<\/h4>\nPlatensgatan Parking &#8211; V\u00e4tternrundan Event Area<br \/>\nPlatensgatan 4, 591 35 Motala<br \/>\nContact: Max Lundgren +46 721 517 700 &#8211; <a href=\"mailto:Max.lundgren@vatternrundan.se\">Max.lundgren@vatternrundan.se<\/a>\n<p>You are responsible for receiving and unloading your delivery. Unloading and dismantling may only take place after the event area has closed on June 7 and June 13. Deliveries to and work in the event area must be coordinated with the responsible person on-site. For those with an event space in Stadsparken, please note that vehicles are prohibited.<\/p>\n<h4>Additional costs, if needed:<\/h4>\n<strong>Electricity:<\/strong><br \/>\n&#8211; 1 Phase 10A 1000 SEK<br \/>\n&#8211; 3 Phase 16A 2500 SEK<br \/>\n&#8211; 3 Phase 32A 3500 SEK<br \/>\n&#8211; 3 Phase 63A 7000 SEK\n<strong>Loading and unloading:<\/strong><br \/>\n&#8211; 800 SEK\/hour\n<article dir=\"auto\" tabindex=\"-1\" data-turn-id=\"request-WEB:715a0d8f-083b-40d3-a27c-1037b8582017-4\" data-testid=\"conversation-turn-10\" data-scroll-anchor=\"true\" data-turn=\"assistant\">\n<h4 data-start=\"43\" data-end=\"565\"><strong data-start=\"43\" data-end=\"58\">Dismantling<\/strong><\/h4>\n<p>May only take place once the area is closed according to the official opening hours. Note that the opening hours vary between different locations within the event area. This is based on historical visitor flow and is something we are jointly responsible for to ensure a good experience. The possibility to drive vehicles out cannot be guaranteed until all race participants have finished and the barriers have been removed. Take the opportunity to enjoy the event and the local offerings in the meantime.<\/p>\n<\/article>\n<h2>\n\t\tFood and drink\n\t<\/h2>\n\t<p>In the event area, there is a food court during the Cycling Week. Coffee and fruit are also available in the work lounge inside the Showroom at the Nordic Bike Expo.<\/p>\n<p>If you are curious about Motalas total range of restaurants and caf\u00e9s, you can visit\u00a0<a href=\"https:\/\/motalasjostad.se\/att-gora\/ata-och-dricka\/\" target=\"_blank\" rel=\"noopener\" name=\"Forexhibitors_10853_MasterPage1_a58041b1ca3698908877a07ff21143339_0fa722d2fc56f95dad6308b54bc2baed\">Motala.se<\/a>!<\/p>\n<h2>\n\t\tImportant dates!\n\t<\/h2>\n\t\t\t\t<table>\n\t\t\t\t\t<thead>\n\t\t\t\t\t\t\t\t\t\t\t\t\t\t<tr>\n\t\t\t\t\t\t\t\t\t\t\t\t\t\t\t<th rowspan=\"\" colspan=\"\">\n\t\t\t\t\t\t\t\t\t\t\t\t\t\t\t\t\t<label>\n\t\t\t\t\t\t\t\t\t\t<\/label><label> Date <\/label>\n\t\t\t\t\t\t\t\t\t\n\t\t\t\t\t\t\t\t\t\t\t\t\t\t\t\t\t<\/th>\n\t\t\t\t\t\t\t\t\t\t\t\t\t\t<th rowspan=\"\" colspan=\"\">\n\t\t\t\t\t\t\t\t\t\t\t\t\t\t\t\t\t<label>\n\t\t\t\t\t\t\t\t\t\t<\/label><label> Hours <\/label>\n\t\t\t\t\t\t\t\t\t\n\t\t\t\t\t\t\t\t\t\t\t\t\t\t\t\t\t<\/th>\n\t\t\t\t\t\t\t\t\t\t\t<\/tr><\/thead>\n\t\t\t\t\t<tbody>\n\t\t\t\t\t\t\t\t\t\t\t\t\t\t\t<tr>\n\t\t\t\t\t\t\t\t\t\t\t\t\t\t\t\t\t\t\t\t<td colspan=\"\" rowspan=\"\">\n\t\t\t\t\t\t\t\t\t\t\t\t\t\t\t\t\t\t\t\t\t\t\t 11th of May \n\t\t\t\t\t\t\t\t\t\t\t\t\t\t\t\t\t\t\t\t\t\t\t<\/td>\n\t\t\t\t\t\t\t\t\t\t\t\t\t\t\t\t<td colspan=\"\" rowspan=\"\">\n\t\t\t\t\t\t\t\t\t\t\t\t\t\t\t\t\t\t\t\t\t\t\t Deadline for booking expo interiors \n\t\t\t\t\t\t\t\t\t\t\t\t\t\t\t\t\t\t\t\t\t\t\t<\/td>\n\t\t\t\t\t\t\t\t\t\t\t\t\t\t\t<\/tr><tr>\n\t\t\t\t\t\t\t\t\t\t\t\t\t\t\t\t\t\t\t\t<td colspan=\"\" rowspan=\"\">\n\t\t\t\t\t\t\t\t\t\t\t\t\t\t\t\t\t\t\t\t\t\t\t 5th of June \n\t\t\t\t\t\t\t\t\t\t\t\t\t\t\t\t\t\t\t\t\t\t\t<\/td>\n\t\t\t\t\t\t\t\t\t\t\t\t\t\t\t\t<td colspan=\"\" rowspan=\"\">\n\t\t\t\t\t\t\t\t\t\t\t\t\t\t\t\t\t\t\t\t\t\t\t The event area opens for the first weekend, MTB-V\u00e4ttern \n\t\t\t\t\t\t\t\t\t\t\t\t\t\t\t\t\t\t\t\t\t\t\t<\/td>\n\t\t\t\t\t\t\t\t\t\t\t\t\t\t\t<\/tr><tr>\n\t\t\t\t\t\t\t\t\t\t\t\t\t\t\t\t\t\t\t\t<td colspan=\"\" rowspan=\"\">\n\t\t\t\t\t\t\t\t\t\t\t\t\t\t\t\t\t\t\t\t\t\t\t 6th of June \n\t\t\t\t\t\t\t\t\t\t\t\t\t\t\t\t\t\t\t\t\t\t\t<\/td>\n\t\t\t\t\t\t\t\t\t\t\t\t\t\t\t\t<td colspan=\"\" rowspan=\"\">\n\t\t\t\t\t\t\t\t\t\t\t\t\t\t\t\t\t\t\t\t\t\t\t Tjejv\u00e4ttern 100 km, V\u00e4tternrundan 100 km &#038; Halvv\u00e4ttern 150 km \n\t\t\t\t\t\t\t\t\t\t\t\t\t\t\t\t\t\t\t\t\t\t\t<\/td>\n\t\t\t\t\t\t\t\t\t\t\t\t\t\t\t<\/tr><tr>\n\t\t\t\t\t\t\t\t\t\t\t\t\t\t\t\t\t\t\t\t<td colspan=\"\" rowspan=\"\">\n\t\t\t\t\t\t\t\t\t\t\t\t\t\t\t\t\t\t\t\t\t\t\t 7th of June \n\t\t\t\t\t\t\t\t\t\t\t\t\t\t\t\t\t\t\t\t\t\t\t<\/td>\n\t\t\t\t\t\t\t\t\t\t\t\t\t\t\t\t<td colspan=\"\" rowspan=\"\">\n\t\t\t\t\t\t\t\t\t\t\t\t\t\t\t\t\t\t\t\t\t\t\t Miniv\u00e4ttern &#038; Skoj med Hoj \n\t\t\t\t\t\t\t\t\t\t\t\t\t\t\t\t\t\t\t\t\t\t\t<\/td>\n\t\t\t\t\t\t\t\t\t\t\t\t\t\t\t<\/tr><tr>\n\t\t\t\t\t\t\t\t\t\t\t\t\t\t\t\t\t\t\t\t<td colspan=\"\" rowspan=\"\">\n\t\t\t\t\t\t\t\t\t\t\t\t\t\t\t\t\t\t\t\t\t\t\t 11th of June \n\t\t\t\t\t\t\t\t\t\t\t\t\t\t\t\t\t\t\t\t\t\t\t<\/td>\n\t\t\t\t\t\t\t\t\t\t\t\t\t\t\t\t<td colspan=\"\" rowspan=\"\">\n\t\t\t\t\t\t\t\t\t\t\t\t\t\t\t\t\t\t\t\t\t\t\t 15:00 The event area opens for the second weekend. \n\t\t\t\t\t\t\t\t\t\t\t\t\t\t\t\t\t\t\t\t\t\t\t<\/td>\n\t\t\t\t\t\t\t\t\t\t\t\t\t\t\t<\/tr><tr>\n\t\t\t\t\t\t\t\t\t\t\t\t\t\t\t\t\t\t\t\t<td colspan=\"\" rowspan=\"\">\n\t\t\t\t\t\t\t\t\t\t\t\t\t\t\t\t\t\t\t\t\t\t\t 12th of June \n\t\t\t\t\t\t\t\t\t\t\t\t\t\t\t\t\t\t\t\t\t\t\t<\/td>\n\t\t\t\t\t\t\t\t\t\t\t\t\t\t\t\t<td colspan=\"\" rowspan=\"\">\n\t\t\t\t\t\t\t\t\t\t\t\t\t\t\t\t\t\t\t\t\t\t\t First start, V\u00e4tternrundan 315 km  \n\t\t\t\t\t\t\t\t\t\t\t\t\t\t\t\t\t\t\t\t\t\t\t<\/td>\n\t\t\t\t\t\t\t\t\t\t\t\t\t\t\t<\/tr><tr>\n\t\t\t\t\t\t\t\t\t\t\t\t\t\t\t\t\t\t\t\t<td colspan=\"\" rowspan=\"\">\n\t\t\t\t\t\t\t\t\t\t\t\t\t\t\t\t\t\t\t\t\t\t\t 14th of June \n\t\t\t\t\t\t\t\t\t\t\t\t\t\t\t\t\t\t\t\t\t\t\t<\/td>\n\t\t\t\t\t\t\t\t\t\t\t\t\t\t\t\t<td colspan=\"\" rowspan=\"\">\n\t\t\t\t\t\t\t\t\t\t\t\t\t\t\t\t\t\t\t\t\t\t\t Last start, V\u00e4tternrundan 315 km \n\t\t\t\t\t\t\t\t\t\t\t\t\t\t\t\t\t\t\t\t\t\t\t<\/td>\n\t\t\t\t\t\t\t\t\t\t\t<\/tr><\/tbody>\n\t\t\t\t<\/table>\n\t<h2>\n\t\tSafety\/security\n\t<\/h2>\n\t<p><strong>V\u00e4tternrundan bears no legal responsibility, nor does it provide insurance for the materials of event exhibitors.<\/strong> Some surveillance of the event area will be conducted by patrolling security guards during the night.<\/p>\n<p>Please note that each event exhibitor is personally responsible for opening and closing their tent in accordance with the official event hours.<\/p>\n<h2>\n\t\tThe event area\n\t<\/h2>\n\t\t\t\t<img loading=\"lazy\" decoding=\"async\" src=\"https:\/\/expo.vatternrundan.se\/wp-content\/uploads\/2025\/05\/eventkarta-2025-utsnitt.png\" alt=\"eventkarta-2025--utsnitt\" itemprop=\"image\" height=\"1000\" width=\"2000\" title=\"eventkarta-2025--utsnitt\" onerror=\"this.style.display='none'\"  \/>\n<h2>\n\t\tWaste management\n\t<\/h2>\n\t<p>Waste compactors are located near the exhibition area. Emptying takes place in the early morning, so all garbage should be disposed of in the evening after closing according to official opening hours. You are responsible for cleaning your event space unless other arrangements have been made. Please note that we sort cardboard, plastic, wood, glass, metal, and combustible waste separately. <strong>Leaving your event space untidy and leaving behind litter will result in charges.<\/strong><\/p>\n\n","protected":false},"excerpt":{"rendered":"<p>Plan your participation Here you will find all the practical information you may need for your planning and to know what you need to consider. Please take a moment to read through our terms &amp; conditions if you haven&#8217;t already done so. If you have any questions about the flow of the event and how [&hellip;]<\/p>\n","protected":false},"author":9,"featured_media":0,"parent":0,"menu_order":0,"comment_status":"closed","ping_status":"closed","template":"","meta":{"site-sidebar-layout":"default","site-content-layout":"default","ast-site-content-layout":"default","site-content-style":"default","site-sidebar-style":"default","ast-global-header-display":"","ast-banner-title-visibility":"","ast-main-header-display":"","ast-hfb-above-header-display":"","ast-hfb-below-header-display":"","ast-hfb-mobile-header-display":"","site-post-title":"disabled","ast-breadcrumbs-content":"","ast-featured-img":"","footer-sml-layout":"","theme-transparent-header-meta":"default","adv-header-id-meta":"","stick-header-meta":"","header-above-stick-meta":"","header-main-stick-meta":"","header-below-stick-meta":"","astra-migrate-meta-layouts":"set","ast-page-background-enabled":"default","ast-page-background-meta":{"desktop":{"background-color":"","background-image":"","background-repeat":"repeat","background-position":"center center","background-size":"auto","background-attachment":"scroll","background-type":"","background-media":"","overlay-type":"","overlay-color":"","overlay-opacity":"","overlay-gradient":""},"tablet":{"background-color":"","background-image":"","background-repeat":"repeat","background-position":"center center","background-size":"auto","background-attachment":"scroll","background-type":"","background-media":"","overlay-type":"","overlay-color":"","overlay-opacity":"","overlay-gradient":""},"mobile":{"background-color":"","background-image":"","background-repeat":"repeat","background-position":"center center","background-size":"auto","background-attachment":"scroll","background-type":"","background-media":"","overlay-type":"","overlay-color":"","overlay-opacity":"","overlay-gradient":""}},"ast-content-background-meta":{"desktop":{"background-color":"var(--ast-global-color-5)","background-image":"","background-repeat":"repeat","background-position":"center center","background-size":"auto","background-attachment":"scroll","background-type":"","background-media":"","overlay-type":"","overlay-color":"","overlay-opacity":"","overlay-gradient":""},"tablet":{"background-color":"var(--ast-global-color-5)","background-image":"","background-repeat":"repeat","background-position":"center center","background-size":"auto","background-attachment":"scroll","background-type":"","background-media":"","overlay-type":"","overlay-color":"","overlay-opacity":"","overlay-gradient":""},"mobile":{"background-color":"var(--ast-global-color-5)","background-image":"","background-repeat":"repeat","background-position":"center center","background-size":"auto","background-attachment":"scroll","background-type":"","background-media":"","overlay-type":"","overlay-color":"","overlay-opacity":"","overlay-gradient":""}},"footnotes":""},"_links":{"self":[{"href":"https:\/\/expo.vatternrundan.se\/en\/wp-json\/wp\/v2\/pages\/207"}],"collection":[{"href":"https:\/\/expo.vatternrundan.se\/en\/wp-json\/wp\/v2\/pages"}],"about":[{"href":"https:\/\/expo.vatternrundan.se\/en\/wp-json\/wp\/v2\/types\/page"}],"author":[{"embeddable":true,"href":"https:\/\/expo.vatternrundan.se\/en\/wp-json\/wp\/v2\/users\/9"}],"replies":[{"embeddable":true,"href":"https:\/\/expo.vatternrundan.se\/en\/wp-json\/wp\/v2\/comments?post=207"}],"version-history":[{"count":64,"href":"https:\/\/expo.vatternrundan.se\/en\/wp-json\/wp\/v2\/pages\/207\/revisions"}],"predecessor-version":[{"id":2167,"href":"https:\/\/expo.vatternrundan.se\/en\/wp-json\/wp\/v2\/pages\/207\/revisions\/2167"}],"wp:attachment":[{"href":"https:\/\/expo.vatternrundan.se\/en\/wp-json\/wp\/v2\/media?parent=207"}],"curies":[{"name":"wp","href":"https:\/\/api.w.org\/{rel}","templated":true}]}}